{"id":2,"date":"2019-01-12T02:18:39","date_gmt":"2019-01-12T02:18:39","guid":{"rendered":"http:\/\/carpejenn.com\/?page_id=2"},"modified":"2020-04-26T14:48:54","modified_gmt":"2020-04-26T12:48:54","slug":"sample-page","status":"publish","type":"page","link":"https:\/\/carpejenn.com\/index.php\/sample-page\/","title":{"rendered":"\u00c0 Propos"},"content":{"rendered":"\n<figure class=\"wp-block-image\"><img loading=\"lazy\" decoding=\"async\" width=\"626\" height=\"679\" src=\"http:\/\/carpejenn.com\/wp-content\/uploads\/2019\/02\/Capture-d\u2019ecran-2019-02-24-a-20.16.53-1.png\" alt=\"\" class=\"wp-image-152\" srcset=\"https:\/\/carpejenn.com\/wp-content\/uploads\/2019\/02\/Capture-d\u2019ecran-2019-02-24-a-20.16.53-1.png 626w, https:\/\/carpejenn.com\/wp-content\/uploads\/2019\/02\/Capture-d\u2019ecran-2019-02-24-a-20.16.53-1-277x300.png 277w\" sizes=\"(max-width: 626px) 100vw, 626px\" \/><figcaption>GOOD VIBES ONLY!<\/figcaption><\/figure>\n\n\n<p><\/p>\n<p style=\"text-align: center;\">who dat girl? la la la la la la la<\/p>\n<p style=\"text-align: center;\">(Tu vas me vexer si tu ne vois pas \u00e0 quelle chanson je fais r\u00e9f\u00e9rence)<\/p>\n\n\n<p><\/p>\n\n\n\n<p>Salut toi! Quoi de neuf? Qu\u2019est ce que tu as fait aujourd\u2019hui pour \u00eatre ou rendre quelqu&#8217;un d\u2019autre heureux? Qui suis-je pour te dire ce que tu as \u00e0 faire? personne, et tu as raison. Bien S\u00fbr je n\u2019ai pas \u00e0 te dire quoi faire de ta vie (j\u2019ai assez de probl\u00e8mes dans la mienne d\u00e9j\u00e0). Mais plus s\u00e9rieusement, si je dis cela c\u2019est qu\u2019on a tous v\u00e9cu ce genre de moment au moins une fois:<\/p>\n\n\n\n<ul class=\"wp-block-list\"><li>Un proche meurt, et on se dit qu\u2019on aurait d\u00fb le voir plus souvent de son vivant<\/li><li>Juger les gens en se basant sur ce qu\u2019on a \u201centendu\u201d \u00e0 propos d\u2019eux ou sur ce qu\u2019ils nous inspirent ou pas<\/li><li>Se dire \u201cje l\u2019appelle plus tard\u201d ou \u201cje suis trop occup\u00e9e pour faire \u00e7a, je verrai apr\u00e8s\u201d \u201cje suis fatigu\u00e9\u00e9\u00e9\u00e9\u00e9\u00e9\u00e9e\u201det<\/li><li>le c\u00e9l\u00e8bre \u201ctreat yourself\u201d qui devient plus vite qu\u2019on ne le croit une excuse pour rester au fond du lit \u00e0 faire des paniers sur Asos et \u00e0 \u00a0encha\u00eener 3 saisons de Shameless ( I plead guilty)<\/li><\/ul>\n\n\n\n<p><strong>PROCRASTINATION<\/strong> <em>nom<\/em>: &nbsp;Tendance pathologique \u00e0 diff\u00e9rer, \u00e0 remettre l&#8217;action au lendemain. <\/p>\n\n\n\n<p>Quelques mots sur moi: Je m\u2019appelle Jennyfer (ou Jen, ou Djounou, ou Ladjoun, ou Tempdei, ou Exxeo\u2026 comment ne pas \u00eatre schyzo avec \u00e7a?). Je ne sais pas trop comment tu es tomb\u00e9 sur cette page, mais je suis contente que tu lises ces lignes.<\/p>\n\n\n\n<p>Je suis n\u00e9e en 1990 et j\u2019habite la banlieue parisienne. Je trouve mon bonheur dans les petites choses: me taper des barres de rire avec les gens que j\u2019aime, manger un bon croque-monsieur, faire la sieste\u2026 Tu le sais peut-\u00eatre d\u00e9j\u00e0 mais j\u2019aime aussi parcourir le monde \u00e0 travers les voyages et les gens.<\/p>\n\n\n\n<p><strong>POURQUOI CE BLOG ?<\/strong><br><\/p>\n\n\n\n<p>A la base, j\u2019ai deux comptes insta @<a href=\"https:\/\/www.instagram.com\/exxeo\/\">exxeo<\/a> (ou je partage principalement mes voyages) et <a href=\"https:\/\/www.instagram.com\/carpe_jenn\/\">carpe_jenn<\/a> (daily life), et plus le temps passait, plus je me sentais limit\u00e9e par rapport au contenu qui se r\u00e9sume en photos\/vid\u00e9os courtes\/hashtags. Il y a aussi le fait que le design de cette appli soit fig\u00e9 et inflexible qui me d\u00e9rangeait. Je veux vraiment faire plus, je veux partager des vid\u00e9os de plus de deux minutes, je veux partager plus que des photos, je veux partager des exp\u00e9riences et surtout, je veux le faire \u00e0 ma mani\u00e8re. Donc voil\u00e0, ceci est mon espace!<\/p>\n\n\n\n<p>J\u2019esp\u00e8re sinc\u00e8rement que tu appr\u00e9cieras le temps que tu passeras ici.<\/p>\n","protected":false},"excerpt":{"rendered":"<p>who dat girl? la la la la la la la (Tu vas me vexer si tu ne vois pas \u00e0 quelle chanson je fais r\u00e9f\u00e9rence) Salut toi! Quoi de neuf? Qu\u2019est ce que tu as fait aujourd\u2019hui pour \u00eatre ou rendre quelqu&#8217;un d\u2019autre heureux? Qui suis-je pour te dire ce que tu as \u00e0 faire? [&hellip;]<\/p>\n","protected":false},"author":1,"featured_media":162,"parent":0,"menu_order":0,"comment_status":"closed","ping_status":"open","template":"","meta":{"om_disable_all_campaigns":false,"_exactmetrics_skip_tracking":false,"_exactmetrics_sitenote_active":false,"_exactmetrics_sitenote_note":"","_exactmetrics_sitenote_category":0,"footnotes":""},"class_list":["post-2","page","type-page","status-publish","has-post-thumbnail","hentry"],"aioseo_notices":[],"_links":{"self":[{"href":"https:\/\/carpejenn.com\/index.php\/wp-json\/wp\/v2\/pages\/2"}],"collection":[{"href":"https:\/\/carpejenn.com\/index.php\/wp-json\/wp\/v2\/pages"}],"about":[{"href":"https:\/\/carpejenn.com\/index.php\/wp-json\/wp\/v2\/types\/page"}],"author":[{"embeddable":true,"href":"https:\/\/carpejenn.com\/index.php\/wp-json\/wp\/v2\/users\/1"}],"replies":[{"embeddable":true,"href":"https:\/\/carpejenn.com\/index.php\/wp-json\/wp\/v2\/comments?post=2"}],"version-history":[{"count":13,"href":"https:\/\/carpejenn.com\/index.php\/wp-json\/wp\/v2\/pages\/2\/revisions"}],"predecessor-version":[{"id":999,"href":"https:\/\/carpejenn.com\/index.php\/wp-json\/wp\/v2\/pages\/2\/revisions\/999"}],"wp:featuredmedia":[{"embeddable":true,"href":"https:\/\/carpejenn.com\/index.php\/wp-json\/wp\/v2\/media\/162"}],"wp:attachment":[{"href":"https:\/\/carpejenn.com\/index.php\/wp-json\/wp\/v2\/media?parent=2"}],"curies":[{"name":"wp","href":"https:\/\/api.w.org\/{rel}","templated":true}]}}